{"id":99,"date":"2018-07-17T15:27:58","date_gmt":"2018-07-17T13:27:58","guid":{"rendered":"http:\/\/localhost\/prowestern\/?page_id=99"},"modified":"2026-01-10T12:36:59","modified_gmt":"2026-01-10T11:36:59","slug":"vorstand","status":"publish","type":"page","link":"https:\/\/prowestern.at\/index.php\/ueber-uns\/vorstand\/","title":{"rendered":"Vorstand"},"content":{"rendered":"<div id=\"pl-99\"  class=\"panel-layout\" ><div id=\"pg-99-0\"  class=\"panel-grid panel-no-style\" ><div id=\"pgc-99-0-0\"  class=\"panel-grid-cell\" ><div id=\"panel-99-0-0-0\" class=\"so-panel widget widget_siteorigin-panels-builder panel-first-child panel-last-child\" data-index=\"0\" ><div id=\"pl-w696239dbbf5d8\"  class=\"panel-layout\" ><div id=\"pg-w696239dbbf5d8-0\"  class=\"panel-grid panel-no-style\" ><div id=\"pgc-w696239dbbf5d8-0-0\"  class=\"panel-grid-cell panel-grid-cell-empty\" ><\/div><div id=\"pgc-w696239dbbf5d8-0-1\"  class=\"panel-grid-cell panel-grid-cell-mobile-last\" ><div id=\"panel-w696239dbbf5d8-0-1-0\" class=\"so-panel widget widget_text panel-first-child\" data-index=\"0\" ><h3 class=\"widget-title\">Vorstand<\/h3>\t\t\t<div class=\"textwidget\"><\/div>\n\t\t<\/div><div id=\"panel-w696239dbbf5d8-0-1-1\" class=\"so-panel widget widget_siteorigin-panels-builder panel-last-child\" data-index=\"1\" ><div class=\"vorstand_row panel-widget-style panel-widget-style-for-w696239dbbf5d8-0-1-1\" ><div id=\"pl-w696239dbbf615\"  class=\"panel-layout\" ><div id=\"pg-w696239dbbf615-0\"  class=\"panel-grid panel-no-style\" ><div id=\"pgc-w696239dbbf615-0-0\"  class=\"panel-grid-cell\" ><div id=\"panel-w696239dbbf615-0-0-0\" class=\"so-panel widget widget_media_image panel-first-child\" data-index=\"0\" ><div style=\"width: 296px\" class=\"wp-caption alignnone\"><img width=\"286\" height=\"300\" src=\"https:\/\/prowestern.at\/wp-content\/uploads\/2025\/12\/Blacky-286x300.jpg\" class=\"image wp-image-2719  attachment-medium size-medium\" alt=\"\" loading=\"lazy\" style=\"max-width: 100%; height: auto;\" srcset=\"https:\/\/prowestern.at\/wp-content\/uploads\/2025\/12\/Blacky-286x300.jpg 286w, https:\/\/prowestern.at\/wp-content\/uploads\/2025\/12\/Blacky-975x1024.jpg 975w, https:\/\/prowestern.at\/wp-content\/uploads\/2025\/12\/Blacky-768x806.jpg 768w, https:\/\/prowestern.at\/wp-content\/uploads\/2025\/12\/Blacky-1463x1536.jpg 1463w, https:\/\/prowestern.at\/wp-content\/uploads\/2025\/12\/Blacky.jpg 1829w\" sizes=\"(max-width: 286px) 100vw, 286px\" \/><p class=\"wp-caption-text\">Obmann<br>Werner Schwarzmann (Blacky)<\/p><\/div><\/div><div id=\"panel-w696239dbbf615-0-0-1\" class=\"so-panel widget widget_media_image panel-last-child\" data-index=\"1\" ><div style=\"width: 245px\" class=\"wp-caption alignnone\"><img width=\"235\" height=\"300\" src=\"https:\/\/prowestern.at\/wp-content\/uploads\/2026\/01\/Daniela-235x300.jpg\" class=\"image wp-image-2731  attachment-medium size-medium\" alt=\"\" loading=\"lazy\" style=\"max-width: 100%; height: auto;\" srcset=\"https:\/\/prowestern.at\/wp-content\/uploads\/2026\/01\/Daniela-235x300.jpg 235w, https:\/\/prowestern.at\/wp-content\/uploads\/2026\/01\/Daniela.jpg 571w\" sizes=\"(max-width: 235px) 100vw, 235px\" \/><p class=\"wp-caption-text\">Schriftf\u00fchrerin<br>Daniela Leissing<\/p><\/div><\/div><\/div><div id=\"pgc-w696239dbbf615-0-1\"  class=\"panel-grid-cell\" ><div id=\"panel-w696239dbbf615-0-1-0\" class=\"so-panel widget widget_media_image panel-first-child\" data-index=\"2\" ><div style=\"width: 310px\" class=\"wp-caption alignnone\"><img width=\"300\" height=\"289\" src=\"https:\/\/prowestern.at\/wp-content\/uploads\/2018\/08\/evi-2-e1768044659339-300x289.jpg\" class=\"image wp-image-530  attachment-medium size-medium\" alt=\"\" loading=\"lazy\" style=\"max-width: 100%; height: auto;\" title=\"Evi\" srcset=\"https:\/\/prowestern.at\/wp-content\/uploads\/2018\/08\/evi-2-e1768044659339-300x289.jpg 300w, https:\/\/prowestern.at\/wp-content\/uploads\/2018\/08\/evi-2-e1768044659339-768x741.jpg 768w, https:\/\/prowestern.at\/wp-content\/uploads\/2018\/08\/evi-2-e1768044659339-1024x987.jpg 1024w, https:\/\/prowestern.at\/wp-content\/uploads\/2018\/08\/evi-2-e1768044659339-1536x1481.jpg 1536w, https:\/\/prowestern.at\/wp-content\/uploads\/2018\/08\/evi-2-e1768044659339-2048x1975.jpg 2048w\" sizes=\"(max-width: 300px) 100vw, 300px\" \/><p class=\"wp-caption-text\">Vize Obfrau<br>Evi Lutz<\/p><\/div><\/div><div id=\"panel-w696239dbbf615-0-1-1\" class=\"so-panel widget widget_media_image panel-last-child\" data-index=\"3\" ><div style=\"width: 310px\" class=\"wp-caption alignnone\"><img width=\"300\" height=\"283\" src=\"https:\/\/prowestern.at\/wp-content\/uploads\/2025\/10\/20180309_008-e1768044233281-300x283.jpg\" class=\"image wp-image-2691  attachment-medium size-medium\" alt=\"\" loading=\"lazy\" style=\"max-width: 100%; height: auto;\" srcset=\"https:\/\/prowestern.at\/wp-content\/uploads\/2025\/10\/20180309_008-e1768044233281-300x283.jpg 300w, https:\/\/prowestern.at\/wp-content\/uploads\/2025\/10\/20180309_008-e1768044233281-1024x967.jpg 1024w, https:\/\/prowestern.at\/wp-content\/uploads\/2025\/10\/20180309_008-e1768044233281-768x725.jpg 768w, https:\/\/prowestern.at\/wp-content\/uploads\/2025\/10\/20180309_008-e1768044233281.jpg 1142w\" sizes=\"(max-width: 300px) 100vw, 300px\" \/><p class=\"wp-caption-text\">Beir\u00e4tin Linedance<br>Erika Mohr<\/p><\/div><\/div><\/div><div id=\"pgc-w696239dbbf615-0-2\"  class=\"panel-grid-cell\" ><div id=\"panel-w696239dbbf615-0-2-0\" class=\"so-panel widget widget_media_image panel-first-child\" data-index=\"4\" ><div style=\"width: 266px\" class=\"wp-caption alignnone\"><img width=\"256\" height=\"300\" src=\"https:\/\/prowestern.at\/wp-content\/uploads\/2018\/08\/kassier-e1768044824978-256x300.jpg\" class=\"image wp-image-210  attachment-medium size-medium\" alt=\"\" loading=\"lazy\" style=\"max-width: 100%; height: auto;\" srcset=\"https:\/\/prowestern.at\/wp-content\/uploads\/2018\/08\/kassier-e1768044824978-256x300.jpg 256w, https:\/\/prowestern.at\/wp-content\/uploads\/2018\/08\/kassier-e1768044824978-768x899.jpg 768w, https:\/\/prowestern.at\/wp-content\/uploads\/2018\/08\/kassier-e1768044824978-875x1024.jpg 875w, https:\/\/prowestern.at\/wp-content\/uploads\/2018\/08\/kassier-e1768044824978-1312x1536.jpg 1312w, https:\/\/prowestern.at\/wp-content\/uploads\/2018\/08\/kassier-e1768044824978.jpg 1644w\" sizes=\"(max-width: 256px) 100vw, 256px\" \/><p class=\"wp-caption-text\">Kassiererin<br>Birgit Mathis<\/p><\/div><\/div><div id=\"panel-w696239dbbf615-0-2-1\" class=\"so-panel widget widget_media_image panel-last-child\" data-index=\"5\" ><div style=\"width: 294px\" class=\"wp-caption alignnone\"><img width=\"284\" height=\"300\" src=\"https:\/\/prowestern.at\/wp-content\/uploads\/2018\/08\/DSC_3984-284x300.jpg\" class=\"image wp-image-201  attachment-medium size-medium\" alt=\"\" loading=\"lazy\" style=\"max-width: 100%; height: auto;\" srcset=\"https:\/\/prowestern.at\/wp-content\/uploads\/2018\/08\/DSC_3984-284x300.jpg 284w, https:\/\/prowestern.at\/wp-content\/uploads\/2018\/08\/DSC_3984-768x810.jpg 768w, https:\/\/prowestern.at\/wp-content\/uploads\/2018\/08\/DSC_3984-971x1024.jpg 971w, https:\/\/prowestern.at\/wp-content\/uploads\/2018\/08\/DSC_3984.jpg 1291w\" sizes=\"(max-width: 284px) 100vw, 284px\" \/><p class=\"wp-caption-text\">Beir\u00e4tin Biker<br>Andrea Palasser<\/p><\/div><\/div><\/div><\/div><\/div><\/div><\/div><\/div><div id=\"pgc-w696239dbbf5d8-0-2\"  class=\"panel-grid-cell panel-grid-cell-empty\" ><\/div><\/div><\/div><\/div><\/div><\/div><\/div>","protected":false},"excerpt":{"rendered":"<p>Vorstand ObmannWerner Schwarzmann (Blacky)Schriftf\u00fchrerinDaniela LeissingVize ObfrauEvi LutzBeir\u00e4tin LinedanceErika MohrKassiererinBirgit MathisBeir\u00e4tin BikerAndrea Palasser<\/p>\n","protected":false},"author":1,"featured_media":0,"parent":95,"menu_order":0,"comment_status":"closed","ping_status":"closed","template":"template-fullwidth-no-title.php","meta":[],"_links":{"self":[{"href":"https:\/\/prowestern.at\/index.php\/wp-json\/wp\/v2\/pages\/99"}],"collection":[{"href":"https:\/\/prowestern.at\/index.php\/wp-json\/wp\/v2\/pages"}],"about":[{"href":"https:\/\/prowestern.at\/index.php\/wp-json\/wp\/v2\/types\/page"}],"author":[{"embeddable":true,"href":"https:\/\/prowestern.at\/index.php\/wp-json\/wp\/v2\/users\/1"}],"replies":[{"embeddable":true,"href":"https:\/\/prowestern.at\/index.php\/wp-json\/wp\/v2\/comments?post=99"}],"version-history":[{"count":33,"href":"https:\/\/prowestern.at\/index.php\/wp-json\/wp\/v2\/pages\/99\/revisions"}],"predecessor-version":[{"id":2734,"href":"https:\/\/prowestern.at\/index.php\/wp-json\/wp\/v2\/pages\/99\/revisions\/2734"}],"up":[{"embeddable":true,"href":"https:\/\/prowestern.at\/index.php\/wp-json\/wp\/v2\/pages\/95"}],"wp:attachment":[{"href":"https:\/\/prowestern.at\/index.php\/wp-json\/wp\/v2\/media?parent=99"}],"curies":[{"name":"wp","href":"https:\/\/api.w.org\/{rel}","templated":true}]}}