{"id":876,"date":"2018-08-17T10:07:43","date_gmt":"2018-08-17T08:07:43","guid":{"rendered":"http:\/\/localhost\/prowestern\/?page_id=876"},"modified":"2019-11-15T12:06:28","modified_gmt":"2019-11-15T11:06:28","slug":"mitgliedschaft","status":"publish","type":"page","link":"https:\/\/prowestern.at\/index.php\/ueber-uns\/mitgliedschaft\/","title":{"rendered":"Mitgliedschaft"},"content":{"rendered":"<div id=\"pl-876\"  class=\"panel-layout\" ><div id=\"pg-876-0\"  class=\"panel-grid panel-no-style\" ><div id=\"pgc-876-0-0\"  class=\"panel-grid-cell panel-grid-cell-empty\" ><\/div><div id=\"pgc-876-0-1\"  class=\"panel-grid-cell panel-grid-cell-mobile-last\" ><div id=\"panel-876-0-1-0\" class=\"so-panel widget widget_text panel-first-child panel-last-child\" data-index=\"0\" ><h3 class=\"widget-title\">Mitgliedschaft beim Pro Western Verein<\/h3>\t\t\t<div class=\"textwidget\"><p align=\"left\">Grunds\u00e4tzlich hat jeder die M\u00f6glichkeit, unserem Verein beizutreten, der sich mit den Vereinszielen &#8211; F\u00f6rderung von Westernreiten, Ausrichtung von Countryfesten und Bikerausfahrten &#8211; identifizieren kann. Ein Besuch unserer Clubabende kann die Atmosph\u00e4re unserer Truppe am besten wiedergeben. Haben Sie keine Scheu bei uns vorbeizuschauen. Die Mitglieder erhalten beim Eintritt ein Clubcap und eine Mitgliedkarte f\u00fcr jedes Jahr seiner Mitgliedschaft. F\u00f6rderungen des Vereines f\u00fcr Ausfl\u00fcge und Clubgaben k\u00f6nnen dann nach den jeweils g\u00fcltigen Beschl\u00fcssen in Anspruch genommen werden.<\/p>\n<\/div>\n\t\t<\/div><\/div><div id=\"pgc-876-0-2\"  class=\"panel-grid-cell panel-grid-cell-empty\" ><\/div><\/div><div id=\"pg-876-1\"  class=\"panel-grid panel-no-style\" ><div id=\"pgc-876-1-0\"  class=\"panel-grid-cell panel-grid-cell-empty\" ><\/div><div id=\"pgc-876-1-1\"  class=\"panel-grid-cell panel-grid-cell-mobile-last\" ><div id=\"panel-876-1-1-0\" class=\"so-panel widget widget_text panel-first-child panel-last-child\" data-index=\"1\" >\t\t\t<div class=\"textwidget\"><table id=\"1\" class=\"preis\" border=\"0\" width=\"35%\" cellspacing=\"5\" cellpadding=\"1\">\n<tbody>\n<tr bgcolor=\"#492D12\">\n<th scope=\"col\" nowrap=\"nowrap\" width=\"80%\">\n<div align=\"center\">\n<p class=\"beige-text\">Deine Investition<\/p>\n<\/div>\n<\/th>\n<th scope=\"col\" nowrap=\"nowrap\" width=\"20%\">\n<div align=\"center\"><\/div>\n<\/th>\n<\/tr>\n<tr align=\"left\" valign=\"top\" bgcolor=\"#ECE3D2\">\n<td scope=\"col\" nowrap=\"nowrap\">\n<div align=\"left\">\n<p>Einmalige Einschreibgeb\u00fchr<\/p>\n<\/div>\n<\/td>\n<td scope=\"col\">\n<div align=\"center\">\n<p>\u20ac 70<\/p>\n<\/div>\n<\/td>\n<\/tr>\n<tr align=\"left\" valign=\"top\" bgcolor=\"#ECE3D2\">\n<td scope=\"col\" nowrap=\"nowrap\">\n<div align=\"left\">\n<p>J\u00e4hrlicher Mitgliedsbeitrag<\/p>\n<\/div>\n<\/td>\n<td scope=\"col\">\n<div align=\"center\">\n<p>\u20ac 40<\/p>\n<\/div>\n<\/td>\n<\/tr>\n<\/tbody>\n<\/table>\n<\/div>\n\t\t<\/div><\/div><div id=\"pgc-876-1-2\"  class=\"panel-grid-cell panel-grid-cell-empty\" ><\/div><\/div><div id=\"pg-876-2\"  class=\"panel-grid panel-no-style\" ><div id=\"pgc-876-2-0\"  class=\"panel-grid-cell panel-grid-cell-empty\" ><\/div><div id=\"pgc-876-2-1\"  class=\"panel-grid-cell panel-grid-cell-mobile-last\" ><div id=\"panel-876-2-1-0\" class=\"so-panel widget widget_text panel-first-child panel-last-child\" data-index=\"2\" >\t\t\t<div class=\"textwidget\"><p align=\"left\">Wenn du an einer Mitgliedschaft interessiert bist, dann kannst du das Antragsformular ausf\u00fcllen und gerne pers\u00f6nlich im Saloon vorbeibringen.<\/p>\n<p align=\"left\"><a href=\"https:\/\/prowestern.at\/wp-content\/uploads\/2018\/08\/Antrag-auf-Mitgliedschaft.pdf\" target=\"_blank\" rel=\"noopener\">Antrag auf Mitgliedschaft<\/a><\/p>\n<\/div>\n\t\t<\/div><\/div><div id=\"pgc-876-2-2\"  class=\"panel-grid-cell panel-grid-cell-empty\" ><\/div><\/div><div id=\"pg-876-3\"  class=\"panel-grid panel-no-style\" ><div id=\"pgc-876-3-0\"  class=\"panel-grid-cell panel-grid-cell-empty\" ><\/div><div id=\"pgc-876-3-1\"  class=\"panel-grid-cell panel-grid-cell-mobile-last\" ><div id=\"panel-876-3-1-0\" class=\"so-panel widget widget_text panel-first-child panel-last-child\" data-index=\"3\" >\t\t\t<div class=\"textwidget\"><p align=\"left\">Bei Fragen kannst du uns gerne unter <a href=\"mailto:info@prowestern.at\">info@prowestern.at<\/a> kontaktieren.<\/p>\n<\/div>\n\t\t<\/div><\/div><div id=\"pgc-876-3-2\"  class=\"panel-grid-cell panel-grid-cell-empty\" ><\/div><\/div><\/div>","protected":false},"excerpt":{"rendered":"<p>Grunds\u00e4tzlich hat jeder die M\u00f6glichkeit, unserem Verein beizutreten, der sich mit den Vereinszielen &#8211; F\u00f6rderung von Westernreiten, Ausrichtung von Countryfesten und Bikerausfahrten &#8211; identifizieren kann. Ein Besuch unserer Clubabende kann die Atmosph\u00e4re unserer Truppe am besten wiedergeben. Haben Sie keine Scheu bei uns vorbeizuschauen. Die Mitglieder erhalten beim Eintritt ein Clubcap und eine Mitgliedkarte f\u00fcr <a href=\"https:\/\/prowestern.at\/index.php\/ueber-uns\/mitgliedschaft\/\" rel=\"nofollow\"><span class=\"sr-only\">Read more about Mitgliedschaft<\/span>[&hellip;]<\/a><\/p>\n","protected":false},"author":1,"featured_media":0,"parent":95,"menu_order":0,"comment_status":"closed","ping_status":"closed","template":"template-fullwidth-no-title.php","meta":[],"_links":{"self":[{"href":"https:\/\/prowestern.at\/index.php\/wp-json\/wp\/v2\/pages\/876"}],"collection":[{"href":"https:\/\/prowestern.at\/index.php\/wp-json\/wp\/v2\/pages"}],"about":[{"href":"https:\/\/prowestern.at\/index.php\/wp-json\/wp\/v2\/types\/page"}],"author":[{"embeddable":true,"href":"https:\/\/prowestern.at\/index.php\/wp-json\/wp\/v2\/users\/1"}],"replies":[{"embeddable":true,"href":"https:\/\/prowestern.at\/index.php\/wp-json\/wp\/v2\/comments?post=876"}],"version-history":[{"count":40,"href":"https:\/\/prowestern.at\/index.php\/wp-json\/wp\/v2\/pages\/876\/revisions"}],"predecessor-version":[{"id":1249,"href":"https:\/\/prowestern.at\/index.php\/wp-json\/wp\/v2\/pages\/876\/revisions\/1249"}],"up":[{"embeddable":true,"href":"https:\/\/prowestern.at\/index.php\/wp-json\/wp\/v2\/pages\/95"}],"wp:attachment":[{"href":"https:\/\/prowestern.at\/index.php\/wp-json\/wp\/v2\/media?parent=876"}],"curies":[{"name":"wp","href":"https:\/\/api.w.org\/{rel}","templated":true}]}}