{"id":84,"date":"2018-07-17T15:21:54","date_gmt":"2018-07-17T13:21:54","guid":{"rendered":"http:\/\/localhost\/prowestern\/?page_id=84"},"modified":"2026-03-17T20:41:09","modified_gmt":"2026-03-17T19:41:09","slug":"impressum","status":"publish","type":"page","link":"https:\/\/prowestern.at\/index.php\/kontakt\/impressum\/","title":{"rendered":"Impressum"},"content":{"rendered":"<div id=\"pl-84\"  class=\"panel-layout\" ><div id=\"pg-84-0\"  class=\"panel-grid panel-no-style\" ><div id=\"pgc-84-0-0\"  class=\"panel-grid-cell panel-grid-cell-empty\" ><\/div><div id=\"pgc-84-0-1\"  class=\"panel-grid-cell panel-grid-cell-mobile-last\" ><div id=\"panel-84-0-1-0\" class=\"so-panel widget widget_text panel-first-child\" data-index=\"0\" ><h3 class=\"widget-title\">Impressum<\/h3>\t\t\t<div class=\"textwidget\"><div class=\"page\" title=\"Page 21\">\n<div class=\"layoutArea\">\n<div class=\"column\">\n<p>Wichtige Information bez\u00fcglich externer Links:<\/p>\n<\/div>\n<\/div>\n<div class=\"layoutArea\">\n<div class=\"column\">\n<p>Wir m\u00f6chten ausdr\u00fccklich betonen, dass wir keinerlei Einfluss auf die Gestaltung und die Inhalte von gelinkten Seiten haben. Dies gilt fu\u0308r alle Inhalte s\u00e4mtlicher verlinkter Seiten auf unserer gesamten Website inkl. aller Unterseiten.<\/p>\n<p>Da wir um Einhaltung aller Gesetze nach bestem Wissen und Gewissen bem\u00fcht sind, bitte wir jeden Besucher, der einen seiner Meinung nach gesetzeswidrigen Beitrag bzw. Inhalt dieser Seite entdeckt, um sofortige Anzeige unter der E-Mail-Adresse: <a href=\"mailto:vize@prowestern.at\">vize@prowestern.at<\/a><\/p>\n<p>Weiterhin ist es unsere Absicht, nur Material zu ver\u00f6ffentlichen, das keine urheberrechtlichen Anspr\u00fcche verletzt. Auch hier bitten wir, insbesondere die uns unbekannten Inhaber solcher Anspr\u00fcche auf Material unserer Website um Information, falls wir unwissentlich urheberrechtlich gesch\u00fctztes Gut publiziert haben sollten. Wir werden diese unverz\u00fcglich nach \u00dcberpr\u00fcfung entfernen.<\/p>\n<\/div>\n<\/div>\n<\/div>\n<\/div>\n\t\t<\/div><div id=\"panel-84-0-1-1\" class=\"so-panel widget widget_siteorigin-panels-builder panel-last-child\" data-index=\"1\" ><div class=\"verantwortlich panel-widget-style panel-widget-style-for-84-0-1-1\" ><div id=\"pl-w69b9ae559aa02\"  class=\"panel-layout\" ><div id=\"pg-w69b9ae559aa02-0\"  class=\"panel-grid panel-no-style\" ><div id=\"pgc-w69b9ae559aa02-0-0\"  class=\"panel-grid-cell\" ><div id=\"panel-w69b9ae559aa02-0-0-0\" class=\"so-panel widget widget_text panel-first-child panel-last-child\" data-index=\"0\" >\t\t\t<div class=\"textwidget\"><div class=\"layoutArea\">\n<p><strong>Verantwortlich f\u00fcr die Inhalte:<\/strong><br \/>\nPro Western Verein<br \/>\nRheinauweg 63b<br \/>\nA-6973 H\u00f6chst<br \/>\n<a href=\"mailto:info@prowestern.at\">info@prowestern.at<\/a><br \/>\nZVR: 452017388<\/p>\n<\/div>\n<\/div>\n\t\t<\/div><\/div><\/div><div id=\"pg-w69b9ae559aa02-1\"  class=\"panel-grid panel-no-style\" ><div id=\"pgc-w69b9ae559aa02-1-0\"  class=\"panel-grid-cell\" ><div id=\"panel-w69b9ae559aa02-1-0-0\" class=\"so-panel widget widget_text panel-first-child panel-last-child\" data-index=\"1\" >\t\t\t<div class=\"textwidget\"><div class=\"layoutArea\">\n<p><strong>Verwaltung der Website: <\/strong>Werner Schwarzmann<\/p>\n<\/div>\n<\/div>\n\t\t<\/div><\/div><\/div><\/div><\/div><\/div><\/div><div id=\"pgc-84-0-2\"  class=\"panel-grid-cell panel-grid-cell-empty\" ><\/div><\/div><\/div>","protected":false},"excerpt":{"rendered":"<p>Wichtige Information bez\u00fcglich externer Links: Wir m\u00f6chten ausdr\u00fccklich betonen, dass wir keinerlei Einfluss auf die Gestaltung und die Inhalte von gelinkten Seiten haben. Dies gilt fu\u0308r alle Inhalte s\u00e4mtlicher verlinkter Seiten auf unserer gesamten Website inkl. aller Unterseiten. Da wir um Einhaltung aller Gesetze nach bestem Wissen und Gewissen bem\u00fcht sind, bitte wir jeden Besucher, <a href=\"https:\/\/prowestern.at\/index.php\/kontakt\/impressum\/\" rel=\"nofollow\"><span class=\"sr-only\">Read more about Impressum<\/span>[&hellip;]<\/a><\/p>\n","protected":false},"author":1,"featured_media":0,"parent":82,"menu_order":0,"comment_status":"closed","ping_status":"closed","template":"template-fullwidth-no-title.php","meta":[],"_links":{"self":[{"href":"https:\/\/prowestern.at\/index.php\/wp-json\/wp\/v2\/pages\/84"}],"collection":[{"href":"https:\/\/prowestern.at\/index.php\/wp-json\/wp\/v2\/pages"}],"about":[{"href":"https:\/\/prowestern.at\/index.php\/wp-json\/wp\/v2\/types\/page"}],"author":[{"embeddable":true,"href":"https:\/\/prowestern.at\/index.php\/wp-json\/wp\/v2\/users\/1"}],"replies":[{"embeddable":true,"href":"https:\/\/prowestern.at\/index.php\/wp-json\/wp\/v2\/comments?post=84"}],"version-history":[{"count":41,"href":"https:\/\/prowestern.at\/index.php\/wp-json\/wp\/v2\/pages\/84\/revisions"}],"predecessor-version":[{"id":2792,"href":"https:\/\/prowestern.at\/index.php\/wp-json\/wp\/v2\/pages\/84\/revisions\/2792"}],"up":[{"embeddable":true,"href":"https:\/\/prowestern.at\/index.php\/wp-json\/wp\/v2\/pages\/82"}],"wp:attachment":[{"href":"https:\/\/prowestern.at\/index.php\/wp-json\/wp\/v2\/media?parent=84"}],"curies":[{"name":"wp","href":"https:\/\/api.w.org\/{rel}","templated":true}]}}