{"id":3,"date":"2018-07-17T09:45:51","date_gmt":"2018-07-17T07:45:51","guid":{"rendered":"http:\/\/localhost\/prowestern\/?page_id=3"},"modified":"2018-08-16T14:41:37","modified_gmt":"2018-08-16T12:41:37","slug":"datenschutzerklaerung","status":"publish","type":"page","link":"https:\/\/prowestern.at\/index.php\/kontakt\/datenschutzerklaerung\/","title":{"rendered":"Datenschutzerkl\u00e4rung"},"content":{"rendered":"<div id=\"pl-3\"  class=\"panel-layout\" ><div id=\"pg-3-0\"  class=\"panel-grid panel-has-style\" ><div class=\"data_row panel-row-style panel-row-style-for-3-0\" ><div id=\"pgc-3-0-0\"  class=\"panel-grid-cell panel-grid-cell-empty\" ><\/div><div id=\"pgc-3-0-1\"  class=\"panel-grid-cell panel-grid-cell-mobile-last\" ><div id=\"panel-3-0-1-0\" class=\"so-panel widget widget_text panel-first-child panel-last-child\" data-index=\"0\" ><h3 class=\"widget-title\">Datenschutzerkl\u00e4rung<\/h3>\t\t\t<div class=\"textwidget\"><p><strong>Wer wir sind<\/strong><br \/>\nDie Adresse unserer Website ist: <a href=\"http:\/\/www.prowestern.at\">www.prowestern.at<\/a>. Die Website wird vom Pro Western Verein verwaltet. Die Inhalte dieser Website werden vom Pro Western Verein erstellt.<\/p>\n<p><strong>Welche personenbezogenen Daten wir sammeln und warum wir sie sammeln<\/strong><\/p>\n<ol>\n<li>Medien<br \/>\nWenn du ein registrierter Benutzer bist und Fotos auf diese Website l\u00e4dst, solltest du vermeiden, Fotos mit einem EXIF-GPS-Standort hochzuladen. Besucher dieser Website k\u00f6nnten Fotos, die auf dieser Website gespeichert sind, herunterladen und deren Standort-Informationen extrahieren.<\/li>\n<li>Kontaktformulare<br \/>\nWenn du uns \u00fcber das Kontaktformular eine Nachricht sendest, erhalten wir Zugriff auf deinen Namen, E-Mail-Adresse und den Inhalt deiner Nachricht.<\/li>\n<li>Cookies<br \/>\nWenn du eine Nachricht \u00fcber unsere Website schreibst, kann das eine Einwilligung sein, deinen Namen, E-Mail-Adresse und Website in Cookies zu speichern. Dies ist eine Komfortfunktion, damit du nicht, wenn du eine weitere Nachricht schreibst, all diese Daten erneut eingeben musst. Diese Cookies werden ein Jahr lang gespeichert. Falls du ein Konto hast und dich auf dieser Website anmeldest, werden wir ein tempor\u00e4res Cookie setzen, um festzustellen, ob dein Browser Cookies akzeptiert. Dieses Cookie enth\u00e4lt keine personenbezogenen Daten und wird verworfen, wenn du deinen Browser schlie\u00dft. Wenn du dich anmeldest, werden wir einige Cookies einrichten, um deine Anmeldeinformationen und Anzeigeoptionen zu speichern. Anmelde-Cookies verfallen nach zwei Tagen und Cookies f\u00fcr die Anzeigeoptionen nach einem Jahr. Falls du bei der Anmeldung \u201eAngemeldet bleiben\u201c ausw\u00e4hlst, wird deine Anmeldung zwei Wochen lang aufrechterhalten. Mit der Abmeldung aus deinem Konto werden die Anmelde-Cookies gel\u00f6scht. Wenn du einen Artikel bearbeitest oder ver\u00f6ffentlichst, wird ein zus\u00e4tzlicher Cookie in deinem Browser gespeichert. Dieser Cookie enth\u00e4lt keine personenbezogenen Daten und verweist nur auf die Beitrags-ID des Artikels, den du gerade bearbeitet hast. Der Cookie verf\u00e4llt nach einem Tag.<\/li>\n<li>Eingebettete Inhalte von anderen Websites<br \/>\nBeitr\u00e4ge auf dieser Website k\u00f6nnen eingebettete Inhalte beinhalten (z.\u00a0B. Videos, Bilder, Beitr\u00e4ge etc.). Eingebettete Inhalte von anderen Websites verhalten sich exakt so, als ob der Besucher die andere Website besucht h\u00e4tte. Diese Websites k\u00f6nnen Daten \u00fcber dich sammeln, Cookies benutzen, zus\u00e4tzliche Tracking-Dienste von Dritten einbetten und deine Interaktion mit diesem eingebetteten Inhalt aufzeichnen, inklusive deiner Interaktion mit dem eingebetteten Inhalt, falls du ein Konto hast und auf dieser Website angemeldet bist.<\/li>\n<\/ol>\n<p><strong>Mit wem wir deine Daten teilen<br \/>\n<\/strong>Deine Daten werden nicht an Dritte weitergegeben.<\/p>\n<p><strong>Wie lange wir deine Daten speichern<\/strong><br \/>\nWenn du einen Kommentar\/ eine Nachricht schreibst, wird dieser inklusive Metadaten zeitlich unbegrenzt gespeichert. Auf diese Art k\u00f6nnen wir Folgekommentare\/Folgenachrichten automatisch erkennen und freigeben, anstelle sie in einer Moderations-Warteschlange festzuhalten.<br \/>\nF\u00fcr Benutzer, die sich auf unserer Website registrieren, speichern wir zus\u00e4tzlich die pers\u00f6nlichen Informationen, die sie in ihren Benutzerprofilen angeben. Alle Benutzer k\u00f6nnen jederzeit ihre pers\u00f6nlichen Informationen einsehen, ver\u00e4ndern oder l\u00f6schen (der Benutzername kann nicht ver\u00e4ndert werden). Administratoren der Website k\u00f6nnen diese Informationen ebenfalls einsehen und ver\u00e4ndern.<\/p>\n<p><strong>Welche Rechte du an deinen Daten hast<\/strong><br \/>\nWenn du ein Konto auf dieser Website besitzt oder Kommentare\/Nachrichten geschrieben hast, kannst du einen Export deiner personenbezogenen Daten bei uns anfordern, inklusive aller Daten, die du uns mitgeteilt hast. Dar\u00fcber hinaus kannst du die L\u00f6schung aller personenbezogenen Daten, die wir von dir gespeichert haben, anfordern. Dies umfasst nicht die Daten, die wir aufgrund administrativer, rechtlicher oder sicherheitsrelevanter Notwendigkeiten aufbewahren m\u00fcssen.<\/p>\n<p><strong>Wohin wir deine Daten senden<\/strong><br \/>\nBesucher-Kommentare und -Nachrichten k\u00f6nnten von einem automatisierten Dienst zur Spam-Erkennung untersucht werden.<\/p>\n<p>&nbsp;<\/p>\n<\/div>\n\t\t<\/div><\/div><div id=\"pgc-3-0-2\"  class=\"panel-grid-cell panel-grid-cell-empty\" ><\/div><\/div><\/div><\/div>","protected":false},"excerpt":{"rendered":"<p>Wer wir sind Die Adresse unserer Website ist: www.prowestern.at. Die Website wird vom Pro Western Verein verwaltet. Die Inhalte dieser Website werden vom Pro Western Verein erstellt. Welche personenbezogenen Daten wir sammeln und warum wir sie sammeln Medien Wenn du ein registrierter Benutzer bist und Fotos auf diese Website l\u00e4dst, solltest du vermeiden, Fotos mit <a href=\"https:\/\/prowestern.at\/index.php\/kontakt\/datenschutzerklaerung\/\" rel=\"nofollow\"><span class=\"sr-only\">Read more about Datenschutzerkl\u00e4rung<\/span>[&hellip;]<\/a><\/p>\n","protected":false},"author":1,"featured_media":0,"parent":82,"menu_order":0,"comment_status":"closed","ping_status":"closed","template":"template-fullwidth-no-title.php","meta":[],"_links":{"self":[{"href":"https:\/\/prowestern.at\/index.php\/wp-json\/wp\/v2\/pages\/3"}],"collection":[{"href":"https:\/\/prowestern.at\/index.php\/wp-json\/wp\/v2\/pages"}],"about":[{"href":"https:\/\/prowestern.at\/index.php\/wp-json\/wp\/v2\/types\/page"}],"author":[{"embeddable":true,"href":"https:\/\/prowestern.at\/index.php\/wp-json\/wp\/v2\/users\/1"}],"replies":[{"embeddable":true,"href":"https:\/\/prowestern.at\/index.php\/wp-json\/wp\/v2\/comments?post=3"}],"version-history":[{"count":9,"href":"https:\/\/prowestern.at\/index.php\/wp-json\/wp\/v2\/pages\/3\/revisions"}],"predecessor-version":[{"id":873,"href":"https:\/\/prowestern.at\/index.php\/wp-json\/wp\/v2\/pages\/3\/revisions\/873"}],"up":[{"embeddable":true,"href":"https:\/\/prowestern.at\/index.php\/wp-json\/wp\/v2\/pages\/82"}],"wp:attachment":[{"href":"https:\/\/prowestern.at\/index.php\/wp-json\/wp\/v2\/media?parent=3"}],"curies":[{"name":"wp","href":"https:\/\/api.w.org\/{rel}","templated":true}]}}