{"id":101,"date":"2018-07-17T15:28:10","date_gmt":"2018-07-17T13:28:10","guid":{"rendered":"http:\/\/localhost\/prowestern\/?page_id=101"},"modified":"2026-01-10T12:58:18","modified_gmt":"2026-01-10T11:58:18","slug":"saloon-team","status":"publish","type":"page","link":"https:\/\/prowestern.at\/index.php\/saloon\/saloon-team\/","title":{"rendered":"Saloon Team"},"content":{"rendered":"<div id=\"pl-101\"  class=\"panel-layout\" ><div id=\"pg-101-0\"  class=\"panel-grid panel-no-style\" ><div id=\"pgc-101-0-0\"  class=\"panel-grid-cell panel-grid-cell-empty\" ><\/div><div id=\"pgc-101-0-1\"  class=\"panel-grid-cell panel-grid-cell-mobile-last\" ><div id=\"panel-101-0-1-0\" class=\"so-panel widget widget_text panel-first-child\" data-index=\"0\" ><h3 class=\"widget-title\">Saloon Team<\/h3>\t\t\t<div class=\"textwidget\"><\/div>\n\t\t<\/div><div id=\"panel-101-0-1-1\" class=\"so-panel widget widget_media_image\" data-index=\"1\" ><h3 class=\"widget-title\">Saloonteam ist in Bearbeitung!<\/h3><img width=\"300\" height=\"168\" src=\"https:\/\/prowestern.at\/wp-content\/uploads\/2026\/01\/Gitarre-Hut-Westernstiefel-300x168.webp\" class=\"image wp-image-2736  attachment-medium size-medium\" alt=\"\" loading=\"lazy\" style=\"max-width: 100%; height: auto;\" srcset=\"https:\/\/prowestern.at\/wp-content\/uploads\/2026\/01\/Gitarre-Hut-Westernstiefel-300x168.webp 300w, https:\/\/prowestern.at\/wp-content\/uploads\/2026\/01\/Gitarre-Hut-Westernstiefel-768x430.webp 768w, https:\/\/prowestern.at\/wp-content\/uploads\/2026\/01\/Gitarre-Hut-Westernstiefel.webp 800w\" sizes=\"(max-width: 300px) 100vw, 300px\" \/><\/div><div id=\"panel-101-0-1-2\" class=\"so-panel widget widget_text\" data-index=\"2\" >\t\t\t<div class=\"textwidget\"><div class=\"page\" title=\"Page 1\">\n<div class=\"section\">\n<div class=\"layoutArea\">\n<div class=\"column\">\n<p>Unser Team ist bestrebt, Dir den Besuch im Saloon so angenehm wie m\u00f6glich zu machen.<br \/>\nF\u00fcr Anregungen sind wir immer offen und ein Lob freut unsere Saloongirls.<\/p>\n<p>Genie\u00dfe den Abend mit echtem Westernflair und fetziger Countrymusik.<\/p>\n<p>Vielen Dank f\u00fcr Deinen Besuch!<\/p>\n<\/div>\n<\/div>\n<\/div>\n<\/div>\n<\/div>\n\t\t<\/div><div id=\"panel-101-0-1-3\" class=\"so-panel widget widget_siteorigin-panels-builder panel-last-child\" data-index=\"3\" ><div id=\"pl-w69623eda77650\"  class=\"panel-layout\" ><div id=\"pg-w69623eda77650-0\"  class=\"panel-grid panel-has-style\" ><div class=\"saloon_team_row panel-row-style panel-row-style-for-w69623eda77650-0\" ><div id=\"pgc-w69623eda77650-0-0\"  class=\"panel-grid-cell\" ><div id=\"panel-w69623eda77650-0-0-0\" class=\"so-panel widget widget_media_image panel-first-child panel-last-child\" data-index=\"0\" ><div class=\"saloonteamimages panel-widget-style panel-widget-style-for-w69623eda77650-0-0-0\" ><div style=\"width: 296px\" class=\"wp-caption alignnone\"><img width=\"286\" height=\"300\" src=\"https:\/\/prowestern.at\/wp-content\/uploads\/2025\/12\/Blacky-286x300.jpg\" class=\"image wp-image-2719  attachment-medium size-medium\" alt=\"\" loading=\"lazy\" style=\"max-width: 100%; height: auto;\" srcset=\"https:\/\/prowestern.at\/wp-content\/uploads\/2025\/12\/Blacky-286x300.jpg 286w, https:\/\/prowestern.at\/wp-content\/uploads\/2025\/12\/Blacky-975x1024.jpg 975w, https:\/\/prowestern.at\/wp-content\/uploads\/2025\/12\/Blacky-768x806.jpg 768w, https:\/\/prowestern.at\/wp-content\/uploads\/2025\/12\/Blacky-1463x1536.jpg 1463w, https:\/\/prowestern.at\/wp-content\/uploads\/2025\/12\/Blacky.jpg 1829w\" sizes=\"(max-width: 286px) 100vw, 286px\" \/><p class=\"wp-caption-text\">Werner Schwarzmann (Obmann)\n<p class=\"taetigkeit_saloonteam\">Management Saloon, Personal, Kalkulation, Service, Wareneinkauf<\/p><\/p><\/div><\/div><\/div><\/div><div id=\"pgc-w69623eda77650-0-1\"  class=\"panel-grid-cell\" ><div id=\"panel-w69623eda77650-0-1-0\" class=\"so-panel widget widget_media_image panel-first-child panel-last-child\" data-index=\"1\" ><div class=\"saloonteamimages panel-widget-style panel-widget-style-for-w69623eda77650-0-1-0\" ><div style=\"width: 302px\" class=\"wp-caption alignnone\"><img width=\"292\" height=\"300\" src=\"https:\/\/prowestern.at\/wp-content\/uploads\/2018\/08\/evi-3-e1768045457140-292x300.jpg\" class=\"image wp-image-554  attachment-medium size-medium\" alt=\"\" loading=\"lazy\" style=\"max-width: 100%; height: auto;\" srcset=\"https:\/\/prowestern.at\/wp-content\/uploads\/2018\/08\/evi-3-e1768045457140-292x300.jpg 292w, https:\/\/prowestern.at\/wp-content\/uploads\/2018\/08\/evi-3-e1768045457140-768x790.jpg 768w, https:\/\/prowestern.at\/wp-content\/uploads\/2018\/08\/evi-3-e1768045457140-995x1024.jpg 995w, https:\/\/prowestern.at\/wp-content\/uploads\/2018\/08\/evi-3-e1768045457140-1493x1536.jpg 1493w, https:\/\/prowestern.at\/wp-content\/uploads\/2018\/08\/evi-3-e1768045457140.jpg 1701w\" sizes=\"(max-width: 292px) 100vw, 292px\" \/><p class=\"wp-caption-text\">Evi Lutz (Vize)\n<p class=\"taetigkeit_saloonteam\">Events, Organisation, Vermietungen, Service<\/p><\/p><\/div><\/div><\/div><\/div><div id=\"pgc-w69623eda77650-0-2\"  class=\"panel-grid-cell panel-grid-cell-mobile-last\" ><div id=\"panel-w69623eda77650-0-2-0\" class=\"so-panel widget widget_media_image panel-first-child panel-last-child\" data-index=\"2\" ><div class=\"saloonteamimages panel-widget-style panel-widget-style-for-w69623eda77650-0-2-0\" ><div style=\"width: 266px\" class=\"wp-caption alignnone\"><img width=\"256\" height=\"300\" src=\"https:\/\/prowestern.at\/wp-content\/uploads\/2018\/08\/kassier-e1768044824978-256x300.jpg\" class=\"image wp-image-210  attachment-medium size-medium\" alt=\"\" loading=\"lazy\" style=\"max-width: 100%; height: auto;\" srcset=\"https:\/\/prowestern.at\/wp-content\/uploads\/2018\/08\/kassier-e1768044824978-256x300.jpg 256w, https:\/\/prowestern.at\/wp-content\/uploads\/2018\/08\/kassier-e1768044824978-768x899.jpg 768w, https:\/\/prowestern.at\/wp-content\/uploads\/2018\/08\/kassier-e1768044824978-875x1024.jpg 875w, https:\/\/prowestern.at\/wp-content\/uploads\/2018\/08\/kassier-e1768044824978-1312x1536.jpg 1312w, https:\/\/prowestern.at\/wp-content\/uploads\/2018\/08\/kassier-e1768044824978.jpg 1644w\" sizes=\"(max-width: 256px) 100vw, 256px\" \/><p class=\"wp-caption-text\">Birgit Mathis\n<p class=\"taetigkeit_saloonteam\">Finanzen<\/p><\/p><\/div><\/div><\/div><\/div><div id=\"pgc-w69623eda77650-0-3\"  class=\"panel-grid-cell panel-grid-cell-empty\" ><\/div><\/div><\/div><div id=\"pg-w69623eda77650-1\"  class=\"panel-grid panel-has-style\" ><div class=\"saloon_team_row panel-row-style panel-row-style-for-w69623eda77650-1\" ><div id=\"pgc-w69623eda77650-1-0\"  class=\"panel-grid-cell\" ><div id=\"panel-w69623eda77650-1-0-0\" class=\"so-panel widget widget_media_image panel-first-child panel-last-child\" data-index=\"3\" ><div class=\"saloonteamimages panel-widget-style panel-widget-style-for-w69623eda77650-1-0-0\" ><div style=\"width: 239px\" class=\"wp-caption alignnone\"><img width=\"229\" height=\"300\" src=\"https:\/\/prowestern.at\/wp-content\/uploads\/2018\/08\/reinelde-229x300.jpg\" class=\"image wp-image-285  attachment-medium size-medium\" alt=\"\" loading=\"lazy\" style=\"max-width: 100%; height: auto;\" srcset=\"https:\/\/prowestern.at\/wp-content\/uploads\/2018\/08\/reinelde-229x300.jpg 229w, https:\/\/prowestern.at\/wp-content\/uploads\/2018\/08\/reinelde-768x1007.jpg 768w, https:\/\/prowestern.at\/wp-content\/uploads\/2018\/08\/reinelde-781x1024.jpg 781w\" sizes=\"(max-width: 229px) 100vw, 229px\" \/><p class=\"wp-caption-text\">Reinelde Nagel\n<p class=\"taetigkeit_saloonteam\">Service<\/p><\/p><\/div><\/div><\/div><\/div><div id=\"pgc-w69623eda77650-1-1\"  class=\"panel-grid-cell\" ><div id=\"panel-w69623eda77650-1-1-0\" class=\"so-panel widget widget_media_image panel-first-child panel-last-child\" data-index=\"4\" ><div class=\"saloonteamimages panel-widget-style panel-widget-style-for-w69623eda77650-1-1-0\" ><div style=\"width: 310px\" class=\"wp-caption alignnone\"><img width=\"300\" height=\"89\" src=\"https:\/\/prowestern.at\/wp-content\/uploads\/2019\/11\/Gabi-Kloser-e1768045929423-300x89.jpg\" class=\"image wp-image-1229  attachment-medium size-medium\" alt=\"\" loading=\"lazy\" style=\"max-width: 100%; height: auto;\" srcset=\"https:\/\/prowestern.at\/wp-content\/uploads\/2019\/11\/Gabi-Kloser-e1768045929423-300x89.jpg 300w, https:\/\/prowestern.at\/wp-content\/uploads\/2019\/11\/Gabi-Kloser-e1768045929423-768x229.jpg 768w, https:\/\/prowestern.at\/wp-content\/uploads\/2019\/11\/Gabi-Kloser-e1768045929423.jpg 999w\" sizes=\"(max-width: 300px) 100vw, 300px\" \/><p class=\"wp-caption-text\">Carmen Schwarzmann\n<p class=\"taetigkeit_saloonteam\">Service<\/p><\/p><\/div><\/div><\/div><\/div><div id=\"pgc-w69623eda77650-1-2\"  class=\"panel-grid-cell\" ><div id=\"panel-w69623eda77650-1-2-0\" class=\"so-panel widget widget_media_image panel-first-child panel-last-child\" data-index=\"5\" ><div class=\"saloonteamimages panel-widget-style panel-widget-style-for-w69623eda77650-1-2-0\" ><div style=\"width: 239px\" class=\"wp-caption alignnone\"><img width=\"229\" height=\"300\" src=\"https:\/\/prowestern.at\/wp-content\/uploads\/2018\/08\/blacky_evi-229x300.jpg\" class=\"image wp-image-281  attachment-medium size-medium\" alt=\"\" loading=\"lazy\" style=\"max-width: 100%; height: auto;\" srcset=\"https:\/\/prowestern.at\/wp-content\/uploads\/2018\/08\/blacky_evi-229x300.jpg 229w, https:\/\/prowestern.at\/wp-content\/uploads\/2018\/08\/blacky_evi-768x1007.jpg 768w, https:\/\/prowestern.at\/wp-content\/uploads\/2018\/08\/blacky_evi-781x1024.jpg 781w\" sizes=\"(max-width: 229px) 100vw, 229px\" \/><p class=\"wp-caption-text\">Evi Lutz\n<p class=\"taetigkeit_saloonteam\">Service<\/p><\/p><\/div><\/div><\/div><\/div><div id=\"pgc-w69623eda77650-1-3\"  class=\"panel-grid-cell\" ><div id=\"panel-w69623eda77650-1-3-0\" class=\"so-panel widget widget_media_image panel-first-child panel-last-child\" data-index=\"6\" ><div class=\"saloonteamimages panel-widget-style panel-widget-style-for-w69623eda77650-1-3-0\" ><div style=\"width: 239px\" class=\"wp-caption alignnone\"><img width=\"229\" height=\"300\" src=\"https:\/\/prowestern.at\/wp-content\/uploads\/2018\/08\/manu-229x300.jpg\" class=\"image wp-image-284  attachment-medium size-medium\" alt=\"\" loading=\"lazy\" style=\"max-width: 100%; height: auto;\" srcset=\"https:\/\/prowestern.at\/wp-content\/uploads\/2018\/08\/manu-229x300.jpg 229w, https:\/\/prowestern.at\/wp-content\/uploads\/2018\/08\/manu-768x1007.jpg 768w, https:\/\/prowestern.at\/wp-content\/uploads\/2018\/08\/manu-781x1024.jpg 781w\" sizes=\"(max-width: 229px) 100vw, 229px\" \/><p class=\"wp-caption-text\">Manuela Reiner\n<p class=\"taetigkeit_saloonteam\">Service<\/p><\/p><\/div><\/div><\/div><\/div><\/div><\/div><\/div><\/div><\/div><div id=\"pgc-101-0-2\"  class=\"panel-grid-cell panel-grid-cell-empty\" ><\/div><\/div><\/div>","protected":false},"excerpt":{"rendered":"<p>Unser Team ist bestrebt, Dir den Besuch im Saloon so angenehm wie m\u00f6glich zu machen. F\u00fcr Anregungen sind wir immer offen und ein Lob freut unsere Saloongirls. Genie\u00dfe den Abend mit echtem Westernflair und fetziger Countrymusik. Vielen Dank f\u00fcr Deinen Besuch!<\/p>\n","protected":false},"author":1,"featured_media":0,"parent":80,"menu_order":0,"comment_status":"closed","ping_status":"closed","template":"template-fullwidth-no-title.php","meta":[],"_links":{"self":[{"href":"https:\/\/prowestern.at\/index.php\/wp-json\/wp\/v2\/pages\/101"}],"collection":[{"href":"https:\/\/prowestern.at\/index.php\/wp-json\/wp\/v2\/pages"}],"about":[{"href":"https:\/\/prowestern.at\/index.php\/wp-json\/wp\/v2\/types\/page"}],"author":[{"embeddable":true,"href":"https:\/\/prowestern.at\/index.php\/wp-json\/wp\/v2\/users\/1"}],"replies":[{"embeddable":true,"href":"https:\/\/prowestern.at\/index.php\/wp-json\/wp\/v2\/comments?post=101"}],"version-history":[{"count":42,"href":"https:\/\/prowestern.at\/index.php\/wp-json\/wp\/v2\/pages\/101\/revisions"}],"predecessor-version":[{"id":2738,"href":"https:\/\/prowestern.at\/index.php\/wp-json\/wp\/v2\/pages\/101\/revisions\/2738"}],"up":[{"embeddable":true,"href":"https:\/\/prowestern.at\/index.php\/wp-json\/wp\/v2\/pages\/80"}],"wp:attachment":[{"href":"https:\/\/prowestern.at\/index.php\/wp-json\/wp\/v2\/media?parent=101"}],"curies":[{"name":"wp","href":"https:\/\/api.w.org\/{rel}","templated":true}]}}